{"id":73,"date":"2012-09-20T23:52:41","date_gmt":"2012-09-20T22:52:41","guid":{"rendered":"http:\/\/www.honighebel.de\/?page_id=73"},"modified":"2016-03-20T12:27:28","modified_gmt":"2016-03-20T10:27:28","slug":"uber-den-autor","status":"publish","type":"page","link":"https:\/\/www.honighebel.de\/?page_id=73","title":{"rendered":"\u00dcber den Autor"},"content":{"rendered":"<p><span style=\"font-family: dorian-medium;\">Dr. med. Andreas Klinge<\/span> ist Facharzt f\u00fcr Innere Medizin und Diabetologie. Nach Abschluss seines Medizinstudiums ist er seit 1995 als Arzt t\u00e4tig und hat seine fach\u00e4rztliche Weiterbildung unter Prof. Manfred Dreyer am Krankenhaus Bethanien sowie dem Krankenhaus Mariahilf in Hamburg absolviert.<\/p>\n<p>Seit 2002 ist er als Vertragsarzt in Hamburg niedergelassen. Standespolitisch vertritt er die Arbeitsgemeinschaft der Hamburger Diabetes-Schwerpunktpraxen als deren Vorsitzender.<\/p>\n<p>Er unterrichtet regelm\u00e4\u00dfig am Universit\u00e4tsklinikum Eppendorf und hat sich hierbei auf die Bewertung von Testverfahren sowie das Aufdecken von \u00e4rztlichen Denkfehlern als Bestandteil des Clinical Reasoning spezialisiert.<\/p>\n<p>&nbsp;<\/p>\n<p><img decoding=\"async\" style=\"margin-right: 10px;\" src=\"http:\/\/www.honighebel.de\/wp-content\/themes\/Essence\/essence\/images\/pfeil.png\" alt=\"Pfeil\" \/><a title=\"\u00dcber den Autor\" href=\"http:\/\/www.honighebel.de\/?page_id=15\">Wie dieser Blog entstand<\/a><br \/>\n<img decoding=\"async\" style=\"margin-right: 10px;\" src=\"http:\/\/www.honighebel.de\/wp-content\/themes\/Essence\/essence\/images\/pfeil.png\" alt=\"Pfeil\" \/><a title=\"Publikationen\" href=\"http:\/\/www.honighebel.de\/?page_id=2\">Zu den Publikationen<\/a><\/p>\n<p><a style=\"font-size: 18px;\" href=\"mailto:info@honighebel.de\">info@honighebel.de<\/a><\/p>\n","protected":false},"excerpt":{"rendered":"<p>Dr. med. Andreas Klinge ist Facharzt f\u00fcr Innere Medizin und Diabetologie. Nach Abschluss seines Medizinstudiums ist er seit 1995 als Arzt t\u00e4tig und hat seine fach\u00e4rztliche Weiterbildung unter Prof. Manfred Dreyer am Krankenhaus Bethanien sowie dem Krankenhaus Mariahilf in Hamburg absolviert. Seit 2002 ist er als Vertragsarzt in Hamburg niedergelassen. Standespolitisch vertritt er die Arbeitsgemeinschaft [&hellip;]<\/p>\n","protected":false},"author":2,"featured_media":0,"parent":15,"menu_order":0,"comment_status":"open","ping_status":"open","template":"autor.php","meta":{"footnotes":""},"wps_subtitle":"","_links":{"self":[{"href":"https:\/\/www.honighebel.de\/index.php?rest_route=\/wp\/v2\/pages\/73"}],"collection":[{"href":"https:\/\/www.honighebel.de\/index.php?rest_route=\/wp\/v2\/pages"}],"about":[{"href":"https:\/\/www.honighebel.de\/index.php?rest_route=\/wp\/v2\/types\/page"}],"author":[{"embeddable":true,"href":"https:\/\/www.honighebel.de\/index.php?rest_route=\/wp\/v2\/users\/2"}],"replies":[{"embeddable":true,"href":"https:\/\/www.honighebel.de\/index.php?rest_route=%2Fwp%2Fv2%2Fcomments&post=73"}],"version-history":[{"count":17,"href":"https:\/\/www.honighebel.de\/index.php?rest_route=\/wp\/v2\/pages\/73\/revisions"}],"predecessor-version":[{"id":555,"href":"https:\/\/www.honighebel.de\/index.php?rest_route=\/wp\/v2\/pages\/73\/revisions\/555"}],"up":[{"embeddable":true,"href":"https:\/\/www.honighebel.de\/index.php?rest_route=\/wp\/v2\/pages\/15"}],"wp:attachment":[{"href":"https:\/\/www.honighebel.de\/index.php?rest_route=%2Fwp%2Fv2%2Fmedia&parent=73"}],"curies":[{"name":"wp","href":"https:\/\/api.w.org\/{rel}","templated":true}]}}